{"id":4954,"date":"2024-04-29T14:43:37","date_gmt":"2024-04-29T14:43:37","guid":{"rendered":"https:\/\/casalespina.com\/?page_id=4954"},"modified":"2024-04-30T17:31:27","modified_gmt":"2024-04-30T17:31:27","slug":"termini-e-condizioni-2","status":"publish","type":"page","link":"https:\/\/casalespina.com\/en\/termini-e-condizioni-2\/","title":{"rendered":"Terms and conditions"},"content":{"rendered":"<div data-elementor-type=\"wp-page\" data-elementor-id=\"4954\" class=\"elementor elementor-4954\" data-elementor-post-type=\"page\">\n\t\t\t\t\t\t<section class=\"elementor-section elementor-top-section elementor-element elementor-element-3b86684 elementor-section-height-min-height elementor-section-boxed elementor-section-height-default elementor-section-items-middle\" data-id=\"3b86684\" data-element_type=\"section\" data-settings=\"{&quot;background_background&quot;:&quot;classic&quot;}\">\n\t\t\t\t\t\t<div class=\"elementor-container elementor-column-gap-default\">\n\t\t\t\t\t<div class=\"elementor-column elementor-col-100 elementor-top-column elementor-element elementor-element-0b77faf\" data-id=\"0b77faf\" data-element_type=\"column\">\n\t\t\t<div class=\"elementor-widget-wrap elementor-element-populated\">\n\t\t\t\t\t\t<div class=\"elementor-element elementor-element-2774ee0 elementor-widget elementor-widget-heading\" data-id=\"2774ee0\" data-element_type=\"widget\" data-widget_type=\"heading.default\">\n\t\t\t\t<div class=\"elementor-widget-container\">\n\t\t\t\t\t<h1 class=\"elementor-heading-title elementor-size-default\">Terms and conditions<\/h1>\t\t\t\t<\/div>\n\t\t\t\t<\/div>\n\t\t\t\t\t<\/div>\n\t\t<\/div>\n\t\t\t\t\t<\/div>\n\t\t<\/section>\n\t\t\t\t<section class=\"elementor-section elementor-top-section elementor-element elementor-element-bececac elementor-section-boxed elementor-section-height-default elementor-section-height-default\" data-id=\"bececac\" data-element_type=\"section\" data-settings=\"{&quot;background_background&quot;:&quot;classic&quot;}\">\n\t\t\t\t\t\t<div class=\"elementor-container elementor-column-gap-default\">\n\t\t\t\t\t<div class=\"elementor-column elementor-col-100 elementor-top-column elementor-element elementor-element-45c5114\" data-id=\"45c5114\" data-element_type=\"column\">\n\t\t\t<div class=\"elementor-widget-wrap elementor-element-populated\">\n\t\t\t\t\t\t<section class=\"elementor-section elementor-inner-section elementor-element elementor-element-3eea490 elementor-section-boxed elementor-section-height-default elementor-section-height-default\" data-id=\"3eea490\" data-element_type=\"section\">\n\t\t\t\t\t\t<div class=\"elementor-container elementor-column-gap-default\">\n\t\t\t\t\t<div class=\"elementor-column elementor-col-100 elementor-inner-column elementor-element elementor-element-3308802\" data-id=\"3308802\" data-element_type=\"column\">\n\t\t\t<div class=\"elementor-widget-wrap elementor-element-populated\">\n\t\t\t\t\t\t<div class=\"elementor-element elementor-element-301900d elementor-widget elementor-widget-heading\" data-id=\"301900d\" data-element_type=\"widget\" data-widget_type=\"heading.default\">\n\t\t\t\t<div class=\"elementor-widget-container\">\n\t\t\t\t\t<h2 class=\"elementor-heading-title elementor-size-default\">GENERAL CONDITIONS<\/h2>\t\t\t\t<\/div>\n\t\t\t\t<\/div>\n\t\t\t\t<div class=\"elementor-element elementor-element-bb539e6 elementor-widget elementor-widget-text-editor\" data-id=\"bb539e6\" data-element_type=\"widget\" data-widget_type=\"text-editor.default\">\n\t\t\t\t<div class=\"elementor-widget-container\">\n\t\t\t\t\t\t\t\t\t<p><strong>BREAKFAST<\/strong>: breakfast is available in the common room with assisted self-service mode, from 07.30 to 10.00. Breakfast is a sweet and savory buffet type. Tea, herbal teas and American coffee are available in the buffet<\/p><p><strong>NO SMOKING:<\/strong>: smoking is strictly prohibited inside the rooms.<\/p><p><strong>ANIMALS<\/strong>Animals are not allowed.<\/p><p><strong>TELEPHONE RESERVATIONS<\/strong>are not possible<\/p><p><strong>CHILDREN<\/strong>:<\/p><ul><li>age &lt;1 year: free<\/li><li>from 1 to 3 years a single supplement of 15 euros which includes a camping cot and high chair with meals<\/li><li>from 3 to 5 years a single supplement of 20 euros which includes a camping cot and high chair at meals<\/li><li>from 5 to 8 years old 15 euros per day with a special bed<\/li><li>possible family discounts.<\/li><\/ul><p>\u00a0<\/p><p><strong>CONFIRMATION OF BOOKING<\/strong>: Booking requests will only be valid if confirmed by the hotel via confirmation email.<\/p><div><p>Reservations made with an INVALID credit card or WITH INSUFFICIENT CREDIT to cover the cost of the stay, even if confirmed, may be canceled at any time by the hotel following an email confirming the cancellation. Failure to receive the cancellation email, whatever the cause, will not constitute any reason for a claim by the customer; only the sending of the email by the hotel will be valid.<\/p><p>Deposits for booking stay made by bank transfer are not refundable for any reason, regardless of the hotel's cancellation policies indicated on our site. Deposits for booking the stay made by credit card, once the cancellation deadline has expired, are not refundable for any reason.<\/p><p><strong>NUMBER OF GUESTS:<\/strong>: Booking requests made by the customer must indicate the exact number of guests, regardless of their age. The hotel is not responsible for errors entered by the customer in the booking request.<\/p><p>At check-in the number of guests must correspond to the number of guests indicated by the customer at the time of the booking request. At the time of check-in, if there are more guests than those indicated in the booking, regardless of their age, the hotel, after checking availability, may:<\/p><p>In case of lack of availability, it will not allow excess guests to enter, however charging the total cost of the stay to the customer, whether he or she stays in the hotel or not.<\/p><p>In case of availability of adding a bed in the room, the price of the room will be applied.<\/p><p><strong>PRE-AUTHORIZATION<\/strong>: Each reservation requires a credit card number as a guarantee. In some cases, to confirm the booking, the Hotel carries out a pre-authorisation on the credit card provided by the customer. Pre-authorization is not a purchase. It consists of verifying the validity of the card and consequent temporary blocking of the amount of the first night to guarantee the booking.<\/p><p>If this pre-authorization is not successful, we will be forced to consider the reservation invalid.<\/p><p>In case of cancellation outside the established deadlines, the structure is authorized to proceed with the collection; if there is no penalty, the structure will release the pre-authorized sum.<\/p><p><strong>BOOKING TERMS AND CONDITIONS<\/strong><\/p><p>The booking will be confirmed only after a confirmation deposit of 20% of the total stay booked by bank transfer.<\/p><p>The booking must in any case be accompanied by written confirmation and the complete details of at least one valid credit card must be provided.<\/p><p>Guests who wish to receive an invoice for their stay are asked to communicate their wish during the confirmation phase as well as promptly communicating the details of the same, otherwise the structure will produce a nominative tax receipt.<\/p><p>The cancellation of the reservation must be sent to the property in writing, the Hotel reserves the right to apply a penalty as per the Cancellation Policy indicated below:<\/p><ul><li>free cancellation up to 7 days before arrival;<\/li><li>from the 6th day penalty of the first night of stay;<\/li><li>from the 5th day, for late cancellation or no-show, penalty of 100% of the total stay.<\/li><\/ul><\/div>\t\t\t\t\t\t\t\t<\/div>\n\t\t\t\t<\/div>\n\t\t\t\t\t<\/div>\n\t\t<\/div>\n\t\t\t\t\t<\/div>\n\t\t<\/section>\n\t\t\t\t\t<\/div>\n\t\t<\/div>\n\t\t\t\t\t<\/div>\n\t\t<\/section>\n\t\t\t\t<section class=\"elementor-section elementor-top-section elementor-element elementor-element-ee82928 elementor-section-boxed elementor-section-height-default elementor-section-height-default\" data-id=\"ee82928\" data-element_type=\"section\">\n\t\t\t\t\t\t<div class=\"elementor-container elementor-column-gap-default\">\n\t\t\t\t\t<div class=\"elementor-column elementor-col-100 elementor-top-column elementor-element elementor-element-c2c9bd1\" data-id=\"c2c9bd1\" data-element_type=\"column\">\n\t\t\t<div class=\"elementor-widget-wrap elementor-element-populated\">\n\t\t\t\t\t\t<div class=\"elementor-element elementor-element-5a4cbce elementor-hidden-desktop elementor-hidden-tablet elementor-hidden-mobile elementor-widget elementor-widget-template\" data-id=\"5a4cbce\" data-element_type=\"widget\" data-widget_type=\"template.default\">\n\t\t\t\t<div class=\"elementor-widget-container\">\n\t\t\t\t\t\t\t<div class=\"elementor-template\">\n\t\t\t\t\t<div data-elementor-type=\"section\" data-elementor-id=\"1573\" class=\"elementor elementor-1573\" data-elementor-post-type=\"elementor_library\">\n\t\t\t\t\t<section class=\"elementor-section elementor-top-section elementor-element elementor-element-782820d2 elementor-section-boxed elementor-section-height-default elementor-section-height-default\" data-id=\"782820d2\" data-element_type=\"section\">\n\t\t\t\t\t\t<div class=\"elementor-container elementor-column-gap-default\">\n\t\t\t\t\t<div class=\"elementor-column elementor-col-100 elementor-top-column elementor-element elementor-element-1c1ab096\" data-id=\"1c1ab096\" data-element_type=\"column\">\n\t\t\t<div class=\"elementor-widget-wrap elementor-element-populated\">\n\t\t\t\t\t\t<div class=\"elementor-element elementor-element-7bab74a3 elementor-widget elementor-widget-spacer\" data-id=\"7bab74a3\" data-element_type=\"widget\" data-widget_type=\"spacer.default\">\n\t\t\t\t<div class=\"elementor-widget-container\">\n\t\t\t\t\t\t\t<div class=\"elementor-spacer\">\n\t\t\t<div class=\"elementor-spacer-inner\"><\/div>\n\t\t<\/div>\n\t\t\t\t\t\t<\/div>\n\t\t\t\t<\/div>\n\t\t\t\t<div class=\"elementor-element elementor-element-20049de elementor-widget elementor-widget-heading\" data-id=\"20049de\" data-element_type=\"widget\" data-widget_type=\"heading.default\">\n\t\t\t\t<div class=\"elementor-widget-container\">\n\t\t\t\t\t<h2 class=\"elementor-heading-title elementor-size-default\">Book now <b>your room<\/b><\/h2>\t\t\t\t<\/div>\n\t\t\t\t<\/div>\n\t\t\t\t<div class=\"elementor-element elementor-element-919dd9d elementor-widget elementor-widget-shortcode\" data-id=\"919dd9d\" data-element_type=\"widget\" data-widget_type=\"shortcode.default\">\n\t\t\t\t<div class=\"elementor-widget-container\">\n\t\t\t\t\t\t\t<div class=\"elementor-shortcode\">\n<div id=\"b24_widget_69e9216b0df39\"><span style=\"color:#fff\">Booking widget b24_widget_69e9216b0df39<\/span><\/div>\n\n<!-- jquery widget code -->\n<script>\njQuery(document).ready(function() {var b24Attr={widgettype:\"BookingStrip\",propid:\"151800\",backgroundColor:\"#ffffff\",borderColor:\"#ffffff\",boxShadow:false,buttonBackgroundColor:\"#858E7E\",buttonTitle:\"Prenota ora\",dateFormat:\"dd\/mm\/yy\",dateSelection:\"1\",formAction:\"https:\/\/book.dynamica.cloud\/booking2.php?1&ownerid=151800&propid=151800\",formTarget:\"_blank\",peopleSelection:\"2\",weekFirstDay:\"1\",widgetType:\"BookingStrip\",};jQuery('#b24_widget_69e9216b0df39').bookWidget(b24Attr);});\n<\/script>\n\n<\/div>\n\t\t\t\t\t\t<\/div>\n\t\t\t\t<\/div>\n\t\t\t\t\t<\/div>\n\t\t<\/div>\n\t\t\t\t\t<\/div>\n\t\t<\/section>\n\t\t\t\t<\/div>\n\t\t\t\t<\/div>\n\t\t\t\t\t\t<\/div>\n\t\t\t\t<\/div>\n\t\t\t\t\t<\/div>\n\t\t<\/div>\n\t\t\t\t\t<\/div>\n\t\t<\/section>\n\t\t\t\t<\/div>","protected":false},"excerpt":{"rendered":"<p>Termini e condizioni CONDIZIONI GENERALI COLAZIONE: la colazione \u00e8 disponibile in sala comune con modalit\u00e0 self service assistita, dalle ore 07:30 alle ore 10:00. La colazione \u00e8 del tipo a buffet sia\u00a0dolce sia salata. Sono disponibili t\u00e8, tisane e caff\u00e8 americano nel buffet. VIETATO FUMARE: \u00e8 severamente proibito fumare all\u2019interno delle camere. ANIMALI: non ammessi. [&hellip;]<\/p>","protected":false},"author":6,"featured_media":0,"parent":0,"menu_order":0,"comment_status":"closed","ping_status":"closed","template":"","meta":{"footnotes":""},"class_list":["post-4954","page","type-page","status-publish","hentry"],"_links":{"self":[{"href":"https:\/\/casalespina.com\/en\/wp-json\/wp\/v2\/pages\/4954","targetHints":{"allow":["GET"]}}],"collection":[{"href":"https:\/\/casalespina.com\/en\/wp-json\/wp\/v2\/pages"}],"about":[{"href":"https:\/\/casalespina.com\/en\/wp-json\/wp\/v2\/types\/page"}],"author":[{"embeddable":true,"href":"https:\/\/casalespina.com\/en\/wp-json\/wp\/v2\/users\/6"}],"replies":[{"embeddable":true,"href":"https:\/\/casalespina.com\/en\/wp-json\/wp\/v2\/comments?post=4954"}],"version-history":[{"count":28,"href":"https:\/\/casalespina.com\/en\/wp-json\/wp\/v2\/pages\/4954\/revisions"}],"predecessor-version":[{"id":5254,"href":"https:\/\/casalespina.com\/en\/wp-json\/wp\/v2\/pages\/4954\/revisions\/5254"}],"wp:attachment":[{"href":"https:\/\/casalespina.com\/en\/wp-json\/wp\/v2\/media?parent=4954"}],"curies":[{"name":"wp","href":"https:\/\/api.w.org\/{rel}","templated":true}]}}